{"id":27532,"date":"2018-07-03T13:49:39","date_gmt":"2018-07-03T13:49:39","guid":{"rendered":"https:\/\/calzavara.it\/ethics-code\/"},"modified":"2022-10-17T09:26:27","modified_gmt":"2022-10-17T09:26:27","slug":"code-de-deontologie","status":"publish","type":"page","link":"https:\/\/calzavara.it\/fr\/code-de-deontologie\/","title":{"rendered":"Code de d\u00e9ontologie"},"content":{"rendered":"<div class=\"fusion-fullwidth fullwidth-box fusion-builder-row-1 nonhundred-percent-fullwidth non-hundred-percent-height-scrolling\" style=\"background-color: rgba(255,255,255,0);background-position: center center;background-repeat: no-repeat;padding-top:0px;padding-right:0px;padding-bottom:0px;padding-left:0px;margin-bottom: 0px;margin-top: 0px;border-width: 0px 0px 0px 0px;border-color:#eae9e9;border-style:solid;\" ><div class=\"fusion-builder-row fusion-row\"><div class=\"fusion-layout-column fusion_builder_column fusion-builder-column-0 fusion_builder_column_1_1 1_1 fusion-one-full fusion-column-first fusion-column-last\" style=\"margin-top:0px;margin-bottom:0px;\"><div class=\"fusion-column-wrapper fusion-flex-column-wrapper-legacy\" style=\"background-position:left top;background-repeat:no-repeat;-webkit-background-size:cover;-moz-background-size:cover;-o-background-size:cover;background-size:cover;padding: 0px 0px 0px 0px;\"><div class=\"fusion-text fusion-text-1\" style=\"transform:translate3d(0,0,0);\"><p><em>Date de derni\u00e8re mise \u00e0 jour: Tuesday October 17, 2022 &#8211; rev3.22<\/em><\/p>\n<h3>Code de d\u00e9ontologie<\/h3>\n<p>Au fil des ans,\u00a0<strong style=\"color: #ca1000;\">calzavara<\/strong> est arriv\u00e9e au premier rang gr\u00e2ce \u00e0 sa capacit\u00e9, sa comp\u00e9tence et son ind\u00e9pendance \u00e9prouv\u00e9es, mais aussi \u00e0 son souci des principes d&#8217;\u00e9quit\u00e9, de respect, honn\u00eatet\u00e9 et de bon sens. Il s&#8217;agit des bases \u00e9thiques des normes de conduite et de travail de\u00a0<strong style=\"color: #ca1000;\">calzavara<\/strong>. Toutes les relations avec les employ\u00e9s, les clients, les partenaires, les collaborateurs, les concurrents, les fournisseurs et les coll\u00e8gues sont anim\u00e9es par ces valeurs.<\/p>\n<p>D&#8217;apr\u00e8s\u00a0<strong style=\"color: #ca1000;\">calzavara<\/strong>, l&#8217;entretien de relations professionnelles \u00e9quitables et durables, qui repose sur le respect constant et strict des principes \u00e9thiques pr\u00e9cit\u00e9s, anime un d\u00e9veloppement \u00e9quilibr\u00e9 et prosp\u00e8re qui sourit aux employ\u00e9s, collaborateurs, clients et fournisseurs.<\/p>\n<p>Par ailleurs, un code r\u00e9glementaire et disciplinaire interne a \u00e9t\u00e9 mis au point par\u00a0<strong style=\"color: #ca1000;\">calzavara<\/strong>. Le code interne, conform\u00e9ment au contrat de travail, comporte les principes de base, les dispositions et les sanctions dont la violation des dispositions est passible.<\/p>\n<\/div><div class=\"fusion-button-wrapper\"><style type=\"text\/css\">.fusion-button.button-1 {border-radius:4px;}<\/style><a class=\"fusion-button button-flat fusion-button-default-size button-default button-1 fusion-button-default-span fusion-button-default-type\" target=\"_self\" href=\"\/wp-content\/uploads\/2022\/10\/Code-of-Ethics_FR.rev_.3.22.pdf\"><span class=\"fusion-button-text\">Download<\/span><\/a><\/div><div class=\"fusion-clearfix\"><\/div><\/div><\/div><\/div><\/div>\n","protected":false},"excerpt":{"rendered":"","protected":false},"author":4,"featured_media":0,"parent":0,"menu_order":152,"comment_status":"closed","ping_status":"open","template":"","meta":{"inline_featured_image":false,"footnotes":""},"class_list":["post-27532","page","type-page","status-publish","hentry"],"acf":[],"yoast_head":"<!-- This site is optimized with the Yoast SEO plugin v27.3 - https:\/\/yoast.com\/product\/yoast-seo-wordpress\/ -->\n<title>Code de d\u00e9ontologie &#187; Calzavara<\/title>\n<meta name=\"robots\" content=\"index, follow, max-snippet:-1, max-image-preview:large, max-video-preview:-1\" \/>\n<link rel=\"canonical\" href=\"https:\/\/calzavara.it\/fr\/code-de-deontologie\/\" \/>\n<meta name=\"twitter:label1\" content=\"Est. reading time\" \/>\n\t<meta name=\"twitter:data1\" content=\"2 minutes\" \/>\n<script type=\"application\/ld+json\" class=\"yoast-schema-graph\">{\"@context\":\"https:\\\/\\\/schema.org\",\"@graph\":[{\"@type\":\"WebPage\",\"@id\":\"https:\\\/\\\/calzavara.it\\\/fr\\\/code-de-deontologie\\\/\",\"url\":\"https:\\\/\\\/calzavara.it\\\/fr\\\/code-de-deontologie\\\/\",\"name\":\"Code de d\u00e9ontologie &#187; Calzavara\",\"isPartOf\":{\"@id\":\"https:\\\/\\\/calzavara.it\\\/#website\"},\"datePublished\":\"2018-07-03T13:49:39+00:00\",\"dateModified\":\"2022-10-17T09:26:27+00:00\",\"breadcrumb\":{\"@id\":\"https:\\\/\\\/calzavara.it\\\/fr\\\/code-de-deontologie\\\/#breadcrumb\"},\"inLanguage\":\"fr-FR\",\"potentialAction\":[{\"@type\":\"ReadAction\",\"target\":[\"https:\\\/\\\/calzavara.it\\\/fr\\\/code-de-deontologie\\\/\"]}]},{\"@type\":\"BreadcrumbList\",\"@id\":\"https:\\\/\\\/calzavara.it\\\/fr\\\/code-de-deontologie\\\/#breadcrumb\",\"itemListElement\":[{\"@type\":\"ListItem\",\"position\":1,\"name\":\"Home\",\"item\":\"https:\\\/\\\/calzavara.it\\\/fr\\\/\"},{\"@type\":\"ListItem\",\"position\":2,\"name\":\"Code de d\u00e9ontologie\"}]},{\"@type\":\"WebSite\",\"@id\":\"https:\\\/\\\/calzavara.it\\\/#website\",\"url\":\"https:\\\/\\\/calzavara.it\\\/\",\"name\":\"Calzavara\",\"description\":\"\",\"publisher\":{\"@id\":\"https:\\\/\\\/calzavara.it\\\/#organization\"},\"potentialAction\":[{\"@type\":\"SearchAction\",\"target\":{\"@type\":\"EntryPoint\",\"urlTemplate\":\"https:\\\/\\\/calzavara.it\\\/?s={search_term_string}\"},\"query-input\":{\"@type\":\"PropertyValueSpecification\",\"valueRequired\":true,\"valueName\":\"search_term_string\"}}],\"inLanguage\":\"fr-FR\"},{\"@type\":\"Organization\",\"@id\":\"https:\\\/\\\/calzavara.it\\\/#organization\",\"name\":\"Calzavara spa\",\"url\":\"https:\\\/\\\/calzavara.it\\\/\",\"logo\":{\"@type\":\"ImageObject\",\"inLanguage\":\"fr-FR\",\"@id\":\"https:\\\/\\\/calzavara.it\\\/#\\\/schema\\\/logo\\\/image\\\/\",\"url\":\"https:\\\/\\\/calzavara.it\\\/wp-content\\\/uploads\\\/2024\\\/05\\\/calzavara-we-are-hiring.jpg\",\"contentUrl\":\"https:\\\/\\\/calzavara.it\\\/wp-content\\\/uploads\\\/2024\\\/05\\\/calzavara-we-are-hiring.jpg\",\"width\":1200,\"height\":630,\"caption\":\"Calzavara spa\"},\"image\":{\"@id\":\"https:\\\/\\\/calzavara.it\\\/#\\\/schema\\\/logo\\\/image\\\/\"}}]}<\/script>\n<!-- \/ Yoast SEO plugin. -->","yoast_head_json":{"title":"Code de d\u00e9ontologie &#187; Calzavara","robots":{"index":"index","follow":"follow","max-snippet":"max-snippet:-1","max-image-preview":"max-image-preview:large","max-video-preview":"max-video-preview:-1"},"canonical":"https:\/\/calzavara.it\/fr\/code-de-deontologie\/","twitter_misc":{"Est. reading time":"2 minutes"},"schema":{"@context":"https:\/\/schema.org","@graph":[{"@type":"WebPage","@id":"https:\/\/calzavara.it\/fr\/code-de-deontologie\/","url":"https:\/\/calzavara.it\/fr\/code-de-deontologie\/","name":"Code de d\u00e9ontologie &#187; Calzavara","isPartOf":{"@id":"https:\/\/calzavara.it\/#website"},"datePublished":"2018-07-03T13:49:39+00:00","dateModified":"2022-10-17T09:26:27+00:00","breadcrumb":{"@id":"https:\/\/calzavara.it\/fr\/code-de-deontologie\/#breadcrumb"},"inLanguage":"fr-FR","potentialAction":[{"@type":"ReadAction","target":["https:\/\/calzavara.it\/fr\/code-de-deontologie\/"]}]},{"@type":"BreadcrumbList","@id":"https:\/\/calzavara.it\/fr\/code-de-deontologie\/#breadcrumb","itemListElement":[{"@type":"ListItem","position":1,"name":"Home","item":"https:\/\/calzavara.it\/fr\/"},{"@type":"ListItem","position":2,"name":"Code de d\u00e9ontologie"}]},{"@type":"WebSite","@id":"https:\/\/calzavara.it\/#website","url":"https:\/\/calzavara.it\/","name":"Calzavara","description":"","publisher":{"@id":"https:\/\/calzavara.it\/#organization"},"potentialAction":[{"@type":"SearchAction","target":{"@type":"EntryPoint","urlTemplate":"https:\/\/calzavara.it\/?s={search_term_string}"},"query-input":{"@type":"PropertyValueSpecification","valueRequired":true,"valueName":"search_term_string"}}],"inLanguage":"fr-FR"},{"@type":"Organization","@id":"https:\/\/calzavara.it\/#organization","name":"Calzavara spa","url":"https:\/\/calzavara.it\/","logo":{"@type":"ImageObject","inLanguage":"fr-FR","@id":"https:\/\/calzavara.it\/#\/schema\/logo\/image\/","url":"https:\/\/calzavara.it\/wp-content\/uploads\/2024\/05\/calzavara-we-are-hiring.jpg","contentUrl":"https:\/\/calzavara.it\/wp-content\/uploads\/2024\/05\/calzavara-we-are-hiring.jpg","width":1200,"height":630,"caption":"Calzavara spa"},"image":{"@id":"https:\/\/calzavara.it\/#\/schema\/logo\/image\/"}}]}},"_links":{"self":[{"href":"https:\/\/calzavara.it\/fr\/wp-json\/wp\/v2\/pages\/27532","targetHints":{"allow":["GET"]}}],"collection":[{"href":"https:\/\/calzavara.it\/fr\/wp-json\/wp\/v2\/pages"}],"about":[{"href":"https:\/\/calzavara.it\/fr\/wp-json\/wp\/v2\/types\/page"}],"author":[{"embeddable":true,"href":"https:\/\/calzavara.it\/fr\/wp-json\/wp\/v2\/users\/4"}],"replies":[{"embeddable":true,"href":"https:\/\/calzavara.it\/fr\/wp-json\/wp\/v2\/comments?post=27532"}],"version-history":[{"count":0,"href":"https:\/\/calzavara.it\/fr\/wp-json\/wp\/v2\/pages\/27532\/revisions"}],"wp:attachment":[{"href":"https:\/\/calzavara.it\/fr\/wp-json\/wp\/v2\/media?parent=27532"}],"curies":[{"name":"wp","href":"https:\/\/api.w.org\/{rel}","templated":true}]}}