{"id":32059,"date":"2018-07-03T13:49:39","date_gmt":"2018-07-03T13:49:39","guid":{"rendered":"https:\/\/calzavara.it\/?page_id=32059"},"modified":"2025-12-15T16:41:58","modified_gmt":"2025-12-15T16:41:58","slug":"qhse-policy","status":"publish","type":"page","link":"https:\/\/calzavara.it\/fr\/qhse-policy\/","title":{"rendered":"Quality, Environmental, Health and Safety Policy"},"content":{"rendered":"<div class=\"fusion-fullwidth fullwidth-box fusion-builder-row-1 nonhundred-percent-fullwidth non-hundred-percent-height-scrolling\" style=\"background-color: rgba(255,255,255,0);background-position: center center;background-repeat: no-repeat;padding-top:0px;padding-right:0px;padding-bottom:0px;padding-left:0px;margin-bottom: 0px;margin-top: 0px;border-width: 0px 0px 0px 0px;border-color:#eae9e9;border-style:solid;\" ><div class=\"fusion-builder-row fusion-row\"><div class=\"fusion-layout-column fusion_builder_column fusion-builder-column-0 fusion_builder_column_1_1 1_1 fusion-one-full fusion-column-first fusion-column-last\" style=\"margin-top:0px;margin-bottom:0px;\"><div class=\"fusion-column-wrapper fusion-flex-column-wrapper-legacy\" style=\"background-position:left top;background-repeat:no-repeat;-webkit-background-size:cover;-moz-background-size:cover;-o-background-size:cover;background-size:cover;padding: 0px 0px 0px 0px;\"><div class=\"fusion-text fusion-text-1\" style=\"transform:translate3d(0,0,0);\"><p><em>Last updated: Nov 25, 2025 (rev.9)<\/em><\/p>\n<h3>Gestion Int\u00e9gr\u00e9e pour la Qualit\u00e9, l\u2019Environnement, la Sant\u00e9 et la S\u00e9curit\u00e9 de l\u2019Information<\/h3>\n<p>Calzavara a d\u00e9velopp\u00e9 un <strong>Syst\u00e8me de Gestion Int\u00e9gr\u00e9<\/strong> qui comprend la Qualit\u00e9 (ISO 9001), l\u2019Environnement (ISO 14001) et la Sant\u00e9 et S\u00e9curit\u00e9 au Travail (ISO 45001). De plus, l\u2019entreprise a mis en place un <strong>Syst\u00e8me de Gestion de la S\u00e9curit\u00e9 de l\u2019Information<\/strong> (SGSI) conforme \u00e0 la norme internationale ISO\/IEC 27001.<\/p>\n<p>En adoptant une approche fond\u00e9e sur les risques, Calzavara surveille en permanence les facteurs internes et externes susceptibles d\u2019influencer les performances de l\u2019entreprise. Des contr\u00f4les pr\u00e9ventifs et correctifs sont appliqu\u00e9s afin de favoriser une am\u00e9lioration continue de la qualit\u00e9 des produits et des services, de la durabilit\u00e9 environnementale, de la s\u00e9curit\u00e9 sur les lieux de travail et de la protection de l\u2019information \u2014 autant d\u2019\u00e9l\u00e9ments essentiels pour garantir la satisfaction des clients et renforcer la r\u00e9silience organisationnelle.<\/p>\n<p>La Direction promeut une solide culture d\u2019am\u00e9lioration continue, encourageant le d\u00e9veloppement professionnel des employ\u00e9s et favorisant des comportements responsables au sein de toute l\u2019organisation. Les impacts environnementaux et les risques li\u00e9s \u00e0 la sant\u00e9, \u00e0 la s\u00e9curit\u00e9 et \u00e0 la s\u00e9curit\u00e9 de l\u2019information sont \u00e9valu\u00e9s et att\u00e9nuati de mani\u00e8re syst\u00e9matique. Les employ\u00e9s, partenaires et fournisseurs sont activement impliqu\u00e9s dans le respect des r\u00e9glementations applicables, des normes internationales et des meilleures pratiques reconnues.<\/p>\n<p>T\u00e9l\u00e9charger le document &#8220;<strong><em>Politique Int\u00e9gr\u00e9e pour la Qualit\u00e9, l\u2019Environnement, la Sant\u00e9 et la S\u00e9curit\u00e9<\/em><\/strong>&#8220;: <a href=\"\/wp-content\/uploads\/2024\/11\/MQ-allegato-1-Politica-della-Qualita%CC%80-Ambiente-Sicurezza_REV8.pdf\"><strong>QHSE_Policy.pdf<\/strong><\/a><br \/>T\u00e9l\u00e9charger le document &#8220;<strong><em>Politique de S\u00e9curit\u00e9 de l\u2019Information<\/em><\/strong>&#8220;: <a href=\"https:\/\/calzavara.it\/wp-content\/uploads\/2025\/11\/Information_Security_Policy.rev_.1.pdf\"><strong>SGSI_Policy.pdf<\/strong><\/a><\/p>\n<\/div><div class=\"fusion-clearfix\"><\/div><\/div><\/div><\/div><\/div>\n","protected":false},"excerpt":{"rendered":"","protected":false},"author":4,"featured_media":0,"parent":0,"menu_order":148,"comment_status":"closed","ping_status":"open","template":"","meta":{"inline_featured_image":false,"footnotes":""},"class_list":["post-32059","page","type-page","status-publish","hentry"],"acf":[],"yoast_head":"<!-- This site is optimized with the Yoast SEO plugin v27.4 - https:\/\/yoast.com\/product\/yoast-seo-wordpress\/ -->\n<title>Quality, Environmental, Health and Safety Policy &#187; Calzavara<\/title>\n<meta name=\"robots\" content=\"index, follow, max-snippet:-1, max-image-preview:large, max-video-preview:-1\" \/>\n<link rel=\"canonical\" href=\"https:\/\/calzavara.it\/fr\/qhse-policy\/\" \/>\n<meta name=\"twitter:label1\" content=\"Est. reading time\" \/>\n\t<meta name=\"twitter:data1\" content=\"3 minutes\" \/>\n<script type=\"application\/ld+json\" class=\"yoast-schema-graph\">{\"@context\":\"https:\\\/\\\/schema.org\",\"@graph\":[{\"@type\":\"WebPage\",\"@id\":\"https:\\\/\\\/calzavara.it\\\/fr\\\/qhse-policy\\\/\",\"url\":\"https:\\\/\\\/calzavara.it\\\/fr\\\/qhse-policy\\\/\",\"name\":\"Quality, Environmental, Health and Safety Policy &#187; Calzavara\",\"isPartOf\":{\"@id\":\"https:\\\/\\\/calzavara.it\\\/#website\"},\"datePublished\":\"2018-07-03T13:49:39+00:00\",\"dateModified\":\"2025-12-15T16:41:58+00:00\",\"breadcrumb\":{\"@id\":\"https:\\\/\\\/calzavara.it\\\/fr\\\/qhse-policy\\\/#breadcrumb\"},\"inLanguage\":\"fr-FR\",\"potentialAction\":[{\"@type\":\"ReadAction\",\"target\":[\"https:\\\/\\\/calzavara.it\\\/fr\\\/qhse-policy\\\/\"]}]},{\"@type\":\"BreadcrumbList\",\"@id\":\"https:\\\/\\\/calzavara.it\\\/fr\\\/qhse-policy\\\/#breadcrumb\",\"itemListElement\":[{\"@type\":\"ListItem\",\"position\":1,\"name\":\"Home\",\"item\":\"https:\\\/\\\/calzavara.it\\\/fr\\\/\"},{\"@type\":\"ListItem\",\"position\":2,\"name\":\"Quality, Environmental, Health and Safety Policy\"}]},{\"@type\":\"WebSite\",\"@id\":\"https:\\\/\\\/calzavara.it\\\/#website\",\"url\":\"https:\\\/\\\/calzavara.it\\\/\",\"name\":\"Calzavara\",\"description\":\"\",\"publisher\":{\"@id\":\"https:\\\/\\\/calzavara.it\\\/#organization\"},\"potentialAction\":[{\"@type\":\"SearchAction\",\"target\":{\"@type\":\"EntryPoint\",\"urlTemplate\":\"https:\\\/\\\/calzavara.it\\\/?s={search_term_string}\"},\"query-input\":{\"@type\":\"PropertyValueSpecification\",\"valueRequired\":true,\"valueName\":\"search_term_string\"}}],\"inLanguage\":\"fr-FR\"},{\"@type\":\"Organization\",\"@id\":\"https:\\\/\\\/calzavara.it\\\/#organization\",\"name\":\"Calzavara spa\",\"url\":\"https:\\\/\\\/calzavara.it\\\/\",\"logo\":{\"@type\":\"ImageObject\",\"inLanguage\":\"fr-FR\",\"@id\":\"https:\\\/\\\/calzavara.it\\\/#\\\/schema\\\/logo\\\/image\\\/\",\"url\":\"https:\\\/\\\/calzavara.it\\\/wp-content\\\/uploads\\\/2024\\\/05\\\/calzavara-we-are-hiring.jpg\",\"contentUrl\":\"https:\\\/\\\/calzavara.it\\\/wp-content\\\/uploads\\\/2024\\\/05\\\/calzavara-we-are-hiring.jpg\",\"width\":1200,\"height\":630,\"caption\":\"Calzavara spa\"},\"image\":{\"@id\":\"https:\\\/\\\/calzavara.it\\\/#\\\/schema\\\/logo\\\/image\\\/\"}}]}<\/script>\n<!-- \/ Yoast SEO plugin. -->","yoast_head_json":{"title":"Quality, Environmental, Health and Safety Policy &#187; Calzavara","robots":{"index":"index","follow":"follow","max-snippet":"max-snippet:-1","max-image-preview":"max-image-preview:large","max-video-preview":"max-video-preview:-1"},"canonical":"https:\/\/calzavara.it\/fr\/qhse-policy\/","twitter_misc":{"Est. reading time":"3 minutes"},"schema":{"@context":"https:\/\/schema.org","@graph":[{"@type":"WebPage","@id":"https:\/\/calzavara.it\/fr\/qhse-policy\/","url":"https:\/\/calzavara.it\/fr\/qhse-policy\/","name":"Quality, Environmental, Health and Safety Policy &#187; Calzavara","isPartOf":{"@id":"https:\/\/calzavara.it\/#website"},"datePublished":"2018-07-03T13:49:39+00:00","dateModified":"2025-12-15T16:41:58+00:00","breadcrumb":{"@id":"https:\/\/calzavara.it\/fr\/qhse-policy\/#breadcrumb"},"inLanguage":"fr-FR","potentialAction":[{"@type":"ReadAction","target":["https:\/\/calzavara.it\/fr\/qhse-policy\/"]}]},{"@type":"BreadcrumbList","@id":"https:\/\/calzavara.it\/fr\/qhse-policy\/#breadcrumb","itemListElement":[{"@type":"ListItem","position":1,"name":"Home","item":"https:\/\/calzavara.it\/fr\/"},{"@type":"ListItem","position":2,"name":"Quality, Environmental, Health and Safety Policy"}]},{"@type":"WebSite","@id":"https:\/\/calzavara.it\/#website","url":"https:\/\/calzavara.it\/","name":"Calzavara","description":"","publisher":{"@id":"https:\/\/calzavara.it\/#organization"},"potentialAction":[{"@type":"SearchAction","target":{"@type":"EntryPoint","urlTemplate":"https:\/\/calzavara.it\/?s={search_term_string}"},"query-input":{"@type":"PropertyValueSpecification","valueRequired":true,"valueName":"search_term_string"}}],"inLanguage":"fr-FR"},{"@type":"Organization","@id":"https:\/\/calzavara.it\/#organization","name":"Calzavara spa","url":"https:\/\/calzavara.it\/","logo":{"@type":"ImageObject","inLanguage":"fr-FR","@id":"https:\/\/calzavara.it\/#\/schema\/logo\/image\/","url":"https:\/\/calzavara.it\/wp-content\/uploads\/2024\/05\/calzavara-we-are-hiring.jpg","contentUrl":"https:\/\/calzavara.it\/wp-content\/uploads\/2024\/05\/calzavara-we-are-hiring.jpg","width":1200,"height":630,"caption":"Calzavara spa"},"image":{"@id":"https:\/\/calzavara.it\/#\/schema\/logo\/image\/"}}]}},"_links":{"self":[{"href":"https:\/\/calzavara.it\/fr\/wp-json\/wp\/v2\/pages\/32059","targetHints":{"allow":["GET"]}}],"collection":[{"href":"https:\/\/calzavara.it\/fr\/wp-json\/wp\/v2\/pages"}],"about":[{"href":"https:\/\/calzavara.it\/fr\/wp-json\/wp\/v2\/types\/page"}],"author":[{"embeddable":true,"href":"https:\/\/calzavara.it\/fr\/wp-json\/wp\/v2\/users\/4"}],"replies":[{"embeddable":true,"href":"https:\/\/calzavara.it\/fr\/wp-json\/wp\/v2\/comments?post=32059"}],"version-history":[{"count":0,"href":"https:\/\/calzavara.it\/fr\/wp-json\/wp\/v2\/pages\/32059\/revisions"}],"wp:attachment":[{"href":"https:\/\/calzavara.it\/fr\/wp-json\/wp\/v2\/media?parent=32059"}],"curies":[{"name":"wp","href":"https:\/\/api.w.org\/{rel}","templated":true}]}}