{"id":35844,"date":"2018-07-03T13:49:39","date_gmt":"2018-07-03T13:49:39","guid":{"rendered":"https:\/\/calzavara.it\/?page_id=35844"},"modified":"2026-02-04T17:48:56","modified_gmt":"2026-02-04T17:48:56","slug":"declaration-of-accessibility","status":"publish","type":"page","link":"https:\/\/calzavara.it\/fr\/declaration-of-accessibility\/","title":{"rendered":"D\u00e9claration d\u2019Accessibilit\u00e9"},"content":{"rendered":"<div class=\"fusion-fullwidth fullwidth-box fusion-builder-row-1 nonhundred-percent-fullwidth non-hundred-percent-height-scrolling\" style=\"background-color: rgba(255,255,255,0);background-position: center center;background-repeat: no-repeat;padding-top:0px;padding-right:0px;padding-bottom:0px;padding-left:0px;margin-bottom: 0px;margin-top: 30px;border-width: 0px 0px 0px 0px;border-color:#eae9e9;border-style:solid;\" ><div class=\"fusion-builder-row fusion-row\"><div class=\"fusion-layout-column fusion_builder_column fusion-builder-column-0 fusion_builder_column_1_1 1_1 fusion-one-full fusion-column-first fusion-column-last\" style=\"margin-top:0px;margin-bottom:0px;\"><div class=\"fusion-column-wrapper fusion-flex-column-wrapper-legacy\" style=\"background-position:left top;background-repeat:no-repeat;-webkit-background-size:cover;-moz-background-size:cover;-o-background-size:cover;background-size:cover;padding: 0px 0px 0px 0px;\"><div class=\"fusion-text fusion-text-1\" style=\"transform:translate3d(0,0,0);\"><p><em>Basiliano, 01 January 2026<\/em><\/p>\n<h4>D\u00e9claration d\u2019accessibilit\u00e9 pour le site web https:\/\/calzavara.it\/<\/h4>\n<p data-start=\"58\" data-end=\"301\">Calzavara s\u2019engage \u00e0 maintenir son site web constamment \u00e0 jour et conforme aux exigences les plus r\u00e9centes en mati\u00e8re d\u2019accessibilit\u00e9, conform\u00e9ment \u00e0 la loi italienne n\u00b0 4 du 9 janvier 2004 et \u00e0 la directive (UE) 2019\/882 (European Accessibility Act).<\/p>\n<ul>\n<li data-start=\"348\" data-end=\"507\">Ce site web satisfait aux exigences pr\u00e9vues \u00e0 l\u2019annexe A de la norme UNI CEI EN 301549 et est compatible avec les technologies d\u2019assistance.<\/li>\n<li data-start=\"348\" data-end=\"507\">Ce site web est \u00e9galement conforme aux Web Content Accessibility Guidelines (WCAG) 2.1, niveau AA, ainsi qu\u2019aux normes pr\u00e9vues par le Title III de l\u2019Americans with Disabilities Act (ADA).<\/li>\n<li data-start=\"348\" data-end=\"507\"><strong>Statut de conformit\u00e9 : conforme.<\/strong>.<\/li>\n<\/ul>\n<p>T\u00e9l\u00e9charger la d\u00e9claration d\u2019accessibilit\u00e9 officielle: <strong><a href=\"https:\/\/calzavara.it\/wp-content\/uploads\/2026\/02\/Calzavara_accessibility_statement_EN_rev2a.pdf\">accessibility_statement.pdf<\/a><br \/>\n<\/strong>T\u00e9l\u00e9charger le certificat d\u2019accessibilit\u00e9 d\u00e9livr\u00e9 par un tiers: <a href=\"https:\/\/calzavara.it\/wp-content\/uploads\/2025\/12\/Calzavara_third-party_certificate.pdf\"><strong>third-party_certificate.pdf<\/strong><\/a><\/p>\n<\/div><div class=\"fusion-clearfix\"><\/div><\/div><\/div><\/div><\/div>\n","protected":false},"excerpt":{"rendered":"","protected":false},"author":3,"featured_media":0,"parent":0,"menu_order":141,"comment_status":"closed","ping_status":"open","template":"","meta":{"inline_featured_image":false,"footnotes":""},"class_list":["post-35844","page","type-page","status-publish","hentry"],"acf":[],"yoast_head":"<!-- This site is optimized with the Yoast SEO plugin v27.3 - https:\/\/yoast.com\/product\/yoast-seo-wordpress\/ -->\n<title>D\u00e9claration d\u2019Accessibilit\u00e9 &#187; Calzavara<\/title>\n<meta name=\"robots\" content=\"index, follow, max-snippet:-1, max-image-preview:large, max-video-preview:-1\" \/>\n<link rel=\"canonical\" href=\"https:\/\/calzavara.it\/fr\/declaration-of-accessibility\/\" \/>\n<meta name=\"twitter:label1\" content=\"Est. reading time\" \/>\n\t<meta name=\"twitter:data1\" content=\"3 minutes\" \/>\n<script type=\"application\/ld+json\" class=\"yoast-schema-graph\">{\"@context\":\"https:\\\/\\\/schema.org\",\"@graph\":[{\"@type\":\"WebPage\",\"@id\":\"https:\\\/\\\/calzavara.it\\\/fr\\\/declaration-of-accessibility\\\/\",\"url\":\"https:\\\/\\\/calzavara.it\\\/fr\\\/declaration-of-accessibility\\\/\",\"name\":\"D\u00e9claration d\u2019Accessibilit\u00e9 &#187; Calzavara\",\"isPartOf\":{\"@id\":\"https:\\\/\\\/calzavara.it\\\/#website\"},\"datePublished\":\"2018-07-03T13:49:39+00:00\",\"dateModified\":\"2026-02-04T17:48:56+00:00\",\"breadcrumb\":{\"@id\":\"https:\\\/\\\/calzavara.it\\\/fr\\\/declaration-of-accessibility\\\/#breadcrumb\"},\"inLanguage\":\"fr-FR\",\"potentialAction\":[{\"@type\":\"ReadAction\",\"target\":[\"https:\\\/\\\/calzavara.it\\\/fr\\\/declaration-of-accessibility\\\/\"]}]},{\"@type\":\"BreadcrumbList\",\"@id\":\"https:\\\/\\\/calzavara.it\\\/fr\\\/declaration-of-accessibility\\\/#breadcrumb\",\"itemListElement\":[{\"@type\":\"ListItem\",\"position\":1,\"name\":\"Home\",\"item\":\"https:\\\/\\\/calzavara.it\\\/fr\\\/\"},{\"@type\":\"ListItem\",\"position\":2,\"name\":\"D\u00e9claration d\u2019Accessibilit\u00e9\"}]},{\"@type\":\"WebSite\",\"@id\":\"https:\\\/\\\/calzavara.it\\\/#website\",\"url\":\"https:\\\/\\\/calzavara.it\\\/\",\"name\":\"Calzavara\",\"description\":\"\",\"publisher\":{\"@id\":\"https:\\\/\\\/calzavara.it\\\/#organization\"},\"potentialAction\":[{\"@type\":\"SearchAction\",\"target\":{\"@type\":\"EntryPoint\",\"urlTemplate\":\"https:\\\/\\\/calzavara.it\\\/?s={search_term_string}\"},\"query-input\":{\"@type\":\"PropertyValueSpecification\",\"valueRequired\":true,\"valueName\":\"search_term_string\"}}],\"inLanguage\":\"fr-FR\"},{\"@type\":\"Organization\",\"@id\":\"https:\\\/\\\/calzavara.it\\\/#organization\",\"name\":\"Calzavara spa\",\"url\":\"https:\\\/\\\/calzavara.it\\\/\",\"logo\":{\"@type\":\"ImageObject\",\"inLanguage\":\"fr-FR\",\"@id\":\"https:\\\/\\\/calzavara.it\\\/#\\\/schema\\\/logo\\\/image\\\/\",\"url\":\"https:\\\/\\\/calzavara.it\\\/wp-content\\\/uploads\\\/2024\\\/05\\\/calzavara-we-are-hiring.jpg\",\"contentUrl\":\"https:\\\/\\\/calzavara.it\\\/wp-content\\\/uploads\\\/2024\\\/05\\\/calzavara-we-are-hiring.jpg\",\"width\":1200,\"height\":630,\"caption\":\"Calzavara spa\"},\"image\":{\"@id\":\"https:\\\/\\\/calzavara.it\\\/#\\\/schema\\\/logo\\\/image\\\/\"}}]}<\/script>\n<!-- \/ Yoast SEO plugin. -->","yoast_head_json":{"title":"D\u00e9claration d\u2019Accessibilit\u00e9 &#187; Calzavara","robots":{"index":"index","follow":"follow","max-snippet":"max-snippet:-1","max-image-preview":"max-image-preview:large","max-video-preview":"max-video-preview:-1"},"canonical":"https:\/\/calzavara.it\/fr\/declaration-of-accessibility\/","twitter_misc":{"Est. reading time":"3 minutes"},"schema":{"@context":"https:\/\/schema.org","@graph":[{"@type":"WebPage","@id":"https:\/\/calzavara.it\/fr\/declaration-of-accessibility\/","url":"https:\/\/calzavara.it\/fr\/declaration-of-accessibility\/","name":"D\u00e9claration d\u2019Accessibilit\u00e9 &#187; Calzavara","isPartOf":{"@id":"https:\/\/calzavara.it\/#website"},"datePublished":"2018-07-03T13:49:39+00:00","dateModified":"2026-02-04T17:48:56+00:00","breadcrumb":{"@id":"https:\/\/calzavara.it\/fr\/declaration-of-accessibility\/#breadcrumb"},"inLanguage":"fr-FR","potentialAction":[{"@type":"ReadAction","target":["https:\/\/calzavara.it\/fr\/declaration-of-accessibility\/"]}]},{"@type":"BreadcrumbList","@id":"https:\/\/calzavara.it\/fr\/declaration-of-accessibility\/#breadcrumb","itemListElement":[{"@type":"ListItem","position":1,"name":"Home","item":"https:\/\/calzavara.it\/fr\/"},{"@type":"ListItem","position":2,"name":"D\u00e9claration d\u2019Accessibilit\u00e9"}]},{"@type":"WebSite","@id":"https:\/\/calzavara.it\/#website","url":"https:\/\/calzavara.it\/","name":"Calzavara","description":"","publisher":{"@id":"https:\/\/calzavara.it\/#organization"},"potentialAction":[{"@type":"SearchAction","target":{"@type":"EntryPoint","urlTemplate":"https:\/\/calzavara.it\/?s={search_term_string}"},"query-input":{"@type":"PropertyValueSpecification","valueRequired":true,"valueName":"search_term_string"}}],"inLanguage":"fr-FR"},{"@type":"Organization","@id":"https:\/\/calzavara.it\/#organization","name":"Calzavara spa","url":"https:\/\/calzavara.it\/","logo":{"@type":"ImageObject","inLanguage":"fr-FR","@id":"https:\/\/calzavara.it\/#\/schema\/logo\/image\/","url":"https:\/\/calzavara.it\/wp-content\/uploads\/2024\/05\/calzavara-we-are-hiring.jpg","contentUrl":"https:\/\/calzavara.it\/wp-content\/uploads\/2024\/05\/calzavara-we-are-hiring.jpg","width":1200,"height":630,"caption":"Calzavara spa"},"image":{"@id":"https:\/\/calzavara.it\/#\/schema\/logo\/image\/"}}]}},"_links":{"self":[{"href":"https:\/\/calzavara.it\/fr\/wp-json\/wp\/v2\/pages\/35844","targetHints":{"allow":["GET"]}}],"collection":[{"href":"https:\/\/calzavara.it\/fr\/wp-json\/wp\/v2\/pages"}],"about":[{"href":"https:\/\/calzavara.it\/fr\/wp-json\/wp\/v2\/types\/page"}],"author":[{"embeddable":true,"href":"https:\/\/calzavara.it\/fr\/wp-json\/wp\/v2\/users\/3"}],"replies":[{"embeddable":true,"href":"https:\/\/calzavara.it\/fr\/wp-json\/wp\/v2\/comments?post=35844"}],"version-history":[{"count":0,"href":"https:\/\/calzavara.it\/fr\/wp-json\/wp\/v2\/pages\/35844\/revisions"}],"wp:attachment":[{"href":"https:\/\/calzavara.it\/fr\/wp-json\/wp\/v2\/media?parent=35844"}],"curies":[{"name":"wp","href":"https:\/\/api.w.org\/{rel}","templated":true}]}}