{"id":36116,"date":"2018-07-03T13:49:39","date_gmt":"2018-07-03T13:49:39","guid":{"rendered":"https:\/\/calzavara.it\/?page_id=36116"},"modified":"2025-11-24T17:34:38","modified_gmt":"2025-11-24T17:34:38","slug":"information-security-policy","status":"publish","type":"page","link":"https:\/\/calzavara.it\/fr\/information-security-policy\/","title":{"rendered":"Information Security Policy"},"content":{"rendered":"<div class=\"fusion-fullwidth fullwidth-box fusion-builder-row-1 nonhundred-percent-fullwidth non-hundred-percent-height-scrolling\" style=\"background-color: rgba(255,255,255,0);background-position: center center;background-repeat: no-repeat;padding-top:0px;padding-right:0px;padding-bottom:0px;padding-left:0px;margin-bottom: 0px;margin-top: 0px;border-width: 0px 0px 0px 0px;border-color:#eae9e9;border-style:solid;\" ><div class=\"fusion-builder-row fusion-row\"><div class=\"fusion-layout-column fusion_builder_column fusion-builder-column-0 fusion_builder_column_1_1 1_1 fusion-one-full fusion-column-first fusion-column-last\" style=\"margin-top:0px;margin-bottom:0px;\"><div class=\"fusion-column-wrapper fusion-flex-column-wrapper-legacy\" style=\"background-position:left top;background-repeat:no-repeat;-webkit-background-size:cover;-moz-background-size:cover;-o-background-size:cover;background-size:cover;padding: 0px 0px 0px 0px;\"><div class=\"fusion-text fusion-text-1\" style=\"transform:translate3d(0,0,0);\"><p><em>Last updated: Nov 24, 2025 (rev.1)<\/em><\/p>\n<h3>Politique de S\u00e9curit\u00e9 de l\u2019Information<\/h3>\n<p><strong>Calzavara SpA<\/strong> a mis en place un <em>Syst\u00e8me de Management de la S\u00e9curit\u00e9 de l\u2019Information (SMSI)<\/em> conforme \u00e0 la norme internationale ISO 27001, compos\u00e9 de politiques, processus, proc\u00e9dures et contr\u00f4les visant \u00e0 garantir la confidentialit\u00e9, l\u2019int\u00e9grit\u00e9 et la disponibilit\u00e9 des informations.<\/p>\n<p>La version compl\u00e8te du document &#8220;<em>Politique de S\u00e9curit\u00e9 de l\u2019Information<\/em>&#8221; est disponible au lien suivant: <a href=\"https:\/\/calzavara.it\/wp-content\/uploads\/2025\/11\/Information_Security_Policy.rev_.1.pdf\">Information_Security_Policy.rev.1.pdf<\/a><\/p>\n<p>.<\/p>\n<\/div><div class=\"fusion-clearfix\"><\/div><\/div><\/div><\/div><\/div>\n","protected":false},"excerpt":{"rendered":"","protected":false},"author":4,"featured_media":0,"parent":0,"menu_order":145,"comment_status":"closed","ping_status":"closed","template":"","meta":{"inline_featured_image":false,"footnotes":""},"class_list":["post-36116","page","type-page","status-publish","hentry"],"acf":[],"yoast_head":"<!-- This site is optimized with the Yoast SEO plugin v27.3 - https:\/\/yoast.com\/product\/yoast-seo-wordpress\/ -->\n<title>Information Security Policy &#187; Calzavara<\/title>\n<meta name=\"robots\" content=\"index, follow, max-snippet:-1, max-image-preview:large, max-video-preview:-1\" \/>\n<link rel=\"canonical\" href=\"https:\/\/calzavara.it\/fr\/information-security-policy\/\" \/>\n<meta name=\"twitter:label1\" content=\"Est. reading time\" \/>\n\t<meta name=\"twitter:data1\" content=\"2 minutes\" \/>\n<script type=\"application\/ld+json\" class=\"yoast-schema-graph\">{\"@context\":\"https:\\\/\\\/schema.org\",\"@graph\":[{\"@type\":\"WebPage\",\"@id\":\"https:\\\/\\\/calzavara.it\\\/fr\\\/information-security-policy\\\/\",\"url\":\"https:\\\/\\\/calzavara.it\\\/fr\\\/information-security-policy\\\/\",\"name\":\"Information Security Policy &#187; Calzavara\",\"isPartOf\":{\"@id\":\"https:\\\/\\\/calzavara.it\\\/#website\"},\"datePublished\":\"2018-07-03T13:49:39+00:00\",\"dateModified\":\"2025-11-24T17:34:38+00:00\",\"breadcrumb\":{\"@id\":\"https:\\\/\\\/calzavara.it\\\/fr\\\/information-security-policy\\\/#breadcrumb\"},\"inLanguage\":\"fr-FR\",\"potentialAction\":[{\"@type\":\"ReadAction\",\"target\":[\"https:\\\/\\\/calzavara.it\\\/fr\\\/information-security-policy\\\/\"]}]},{\"@type\":\"BreadcrumbList\",\"@id\":\"https:\\\/\\\/calzavara.it\\\/fr\\\/information-security-policy\\\/#breadcrumb\",\"itemListElement\":[{\"@type\":\"ListItem\",\"position\":1,\"name\":\"Home\",\"item\":\"https:\\\/\\\/calzavara.it\\\/fr\\\/\"},{\"@type\":\"ListItem\",\"position\":2,\"name\":\"Information Security Policy\"}]},{\"@type\":\"WebSite\",\"@id\":\"https:\\\/\\\/calzavara.it\\\/#website\",\"url\":\"https:\\\/\\\/calzavara.it\\\/\",\"name\":\"Calzavara\",\"description\":\"\",\"publisher\":{\"@id\":\"https:\\\/\\\/calzavara.it\\\/#organization\"},\"potentialAction\":[{\"@type\":\"SearchAction\",\"target\":{\"@type\":\"EntryPoint\",\"urlTemplate\":\"https:\\\/\\\/calzavara.it\\\/?s={search_term_string}\"},\"query-input\":{\"@type\":\"PropertyValueSpecification\",\"valueRequired\":true,\"valueName\":\"search_term_string\"}}],\"inLanguage\":\"fr-FR\"},{\"@type\":\"Organization\",\"@id\":\"https:\\\/\\\/calzavara.it\\\/#organization\",\"name\":\"Calzavara spa\",\"url\":\"https:\\\/\\\/calzavara.it\\\/\",\"logo\":{\"@type\":\"ImageObject\",\"inLanguage\":\"fr-FR\",\"@id\":\"https:\\\/\\\/calzavara.it\\\/#\\\/schema\\\/logo\\\/image\\\/\",\"url\":\"https:\\\/\\\/calzavara.it\\\/wp-content\\\/uploads\\\/2024\\\/05\\\/calzavara-we-are-hiring.jpg\",\"contentUrl\":\"https:\\\/\\\/calzavara.it\\\/wp-content\\\/uploads\\\/2024\\\/05\\\/calzavara-we-are-hiring.jpg\",\"width\":1200,\"height\":630,\"caption\":\"Calzavara spa\"},\"image\":{\"@id\":\"https:\\\/\\\/calzavara.it\\\/#\\\/schema\\\/logo\\\/image\\\/\"}}]}<\/script>\n<!-- \/ Yoast SEO plugin. -->","yoast_head_json":{"title":"Information Security Policy &#187; Calzavara","robots":{"index":"index","follow":"follow","max-snippet":"max-snippet:-1","max-image-preview":"max-image-preview:large","max-video-preview":"max-video-preview:-1"},"canonical":"https:\/\/calzavara.it\/fr\/information-security-policy\/","twitter_misc":{"Est. reading time":"2 minutes"},"schema":{"@context":"https:\/\/schema.org","@graph":[{"@type":"WebPage","@id":"https:\/\/calzavara.it\/fr\/information-security-policy\/","url":"https:\/\/calzavara.it\/fr\/information-security-policy\/","name":"Information Security Policy &#187; Calzavara","isPartOf":{"@id":"https:\/\/calzavara.it\/#website"},"datePublished":"2018-07-03T13:49:39+00:00","dateModified":"2025-11-24T17:34:38+00:00","breadcrumb":{"@id":"https:\/\/calzavara.it\/fr\/information-security-policy\/#breadcrumb"},"inLanguage":"fr-FR","potentialAction":[{"@type":"ReadAction","target":["https:\/\/calzavara.it\/fr\/information-security-policy\/"]}]},{"@type":"BreadcrumbList","@id":"https:\/\/calzavara.it\/fr\/information-security-policy\/#breadcrumb","itemListElement":[{"@type":"ListItem","position":1,"name":"Home","item":"https:\/\/calzavara.it\/fr\/"},{"@type":"ListItem","position":2,"name":"Information Security Policy"}]},{"@type":"WebSite","@id":"https:\/\/calzavara.it\/#website","url":"https:\/\/calzavara.it\/","name":"Calzavara","description":"","publisher":{"@id":"https:\/\/calzavara.it\/#organization"},"potentialAction":[{"@type":"SearchAction","target":{"@type":"EntryPoint","urlTemplate":"https:\/\/calzavara.it\/?s={search_term_string}"},"query-input":{"@type":"PropertyValueSpecification","valueRequired":true,"valueName":"search_term_string"}}],"inLanguage":"fr-FR"},{"@type":"Organization","@id":"https:\/\/calzavara.it\/#organization","name":"Calzavara spa","url":"https:\/\/calzavara.it\/","logo":{"@type":"ImageObject","inLanguage":"fr-FR","@id":"https:\/\/calzavara.it\/#\/schema\/logo\/image\/","url":"https:\/\/calzavara.it\/wp-content\/uploads\/2024\/05\/calzavara-we-are-hiring.jpg","contentUrl":"https:\/\/calzavara.it\/wp-content\/uploads\/2024\/05\/calzavara-we-are-hiring.jpg","width":1200,"height":630,"caption":"Calzavara spa"},"image":{"@id":"https:\/\/calzavara.it\/#\/schema\/logo\/image\/"}}]}},"_links":{"self":[{"href":"https:\/\/calzavara.it\/fr\/wp-json\/wp\/v2\/pages\/36116","targetHints":{"allow":["GET"]}}],"collection":[{"href":"https:\/\/calzavara.it\/fr\/wp-json\/wp\/v2\/pages"}],"about":[{"href":"https:\/\/calzavara.it\/fr\/wp-json\/wp\/v2\/types\/page"}],"author":[{"embeddable":true,"href":"https:\/\/calzavara.it\/fr\/wp-json\/wp\/v2\/users\/4"}],"replies":[{"embeddable":true,"href":"https:\/\/calzavara.it\/fr\/wp-json\/wp\/v2\/comments?post=36116"}],"version-history":[{"count":0,"href":"https:\/\/calzavara.it\/fr\/wp-json\/wp\/v2\/pages\/36116\/revisions"}],"wp:attachment":[{"href":"https:\/\/calzavara.it\/fr\/wp-json\/wp\/v2\/media?parent=36116"}],"curies":[{"name":"wp","href":"https:\/\/api.w.org\/{rel}","templated":true}]}}