{"id":36460,"date":"2023-08-28T16:01:54","date_gmt":"2023-08-28T16:01:54","guid":{"rendered":"https:\/\/calzavara.it\/careers\/"},"modified":"2026-01-15T09:20:38","modified_gmt":"2026-01-15T09:20:38","slug":"carrieres","status":"publish","type":"page","link":"https:\/\/calzavara.it\/fr\/carrieres\/","title":{"rendered":"Carri\u00e8res"},"content":{"rendered":"<p><div class=\"fusion-fullwidth fullwidth-box fusion-builder-row-1 small-screen-no-padding-l-r nonhundred-percent-fullwidth non-hundred-percent-height-scrolling\" style=\"background-color: rgba(255,255,255,0);background-position: center center;background-repeat: no-repeat;padding-top:20px;padding-right:15%;padding-bottom:40px;padding-left:15%;margin-bottom: 0px;margin-top: 0px;border-width: 0px 0px 0px 0px;border-color:#eae9e9;border-style:solid;\" ><div class=\"fusion-builder-row fusion-row\"><div class=\"fusion-layout-column fusion_builder_column fusion-builder-column-0 fusion_builder_column_1_1 1_1 fusion-one-full fusion-column-first fusion-column-last\" style=\"margin-top:0px;margin-bottom:0px;\"><div class=\"fusion-column-wrapper fusion-flex-column-wrapper-legacy\" style=\"background-position:left top;background-repeat:no-repeat;-webkit-background-size:cover;-moz-background-size:cover;-o-background-size:cover;background-size:cover;padding: 0px 20px 0px 20px;\"><div class=\"fusion-text fusion-text-1\" style=\"transform:translate3d(0,0,0);\"><p style=\"text-align: center;\">Nous sommes constamment \u00e0 la recherche de profils qualifi\u00e9s et motiv\u00e9s, d\u00e9sireux de contribuer \u00e0 la croissance de l\u2019entreprise au sein d\u2019un environnement structur\u00e9 et dynamique. Rejoignez <strong>Calzavara Srl<\/strong>, une soci\u00e9t\u00e9 g\u00e9r\u00e9e et coordonn\u00e9e par <strong><a href=\"https:\/\/calzavara-holding.it\/en\/\" target=\"_blank\" rel=\"noopener\">Calzavara Holding SpA<\/a><\/strong>.<\/p>\n<p style=\"text-align: center;\">Toutes les candidatures doivent \u00eatre d\u00e9pos\u00e9es via le <a href=\"https:\/\/calzavara-holding.it\/en\/\" target=\"_blank\" rel=\"noopener\"><strong>site de Calzavara Holding SpA<\/strong><\/a>, dans la section d\u00e9di\u00e9e aux opportunit\u00e9s de carri\u00e8re. Afin de garantir une gestion efficace du processus de recrutement, il est n\u00e9cessaire de pr\u00e9ciser clairement la soci\u00e9t\u00e9 du Groupe pour laquelle vous postulez.<\/p>\n<\/div><div class=\"fusion-clearfix\"><\/div><\/div><\/div><div class=\"fusion-layout-column fusion_builder_column fusion-builder-column-1 fusion_builder_column_1_1 1_1 fusion-one-full fusion-column-first fusion-column-last\" style=\"margin-top:40px;margin-bottom:60px;\"><div class=\"fusion-column-wrapper fusion-flex-column-wrapper-legacy\" style=\"background-position:left top;background-repeat:no-repeat;-webkit-background-size:cover;-moz-background-size:cover;-o-background-size:cover;background-size:cover;padding: 0px 20px 0px 20px;\"><div class=\"fusion-aligncenter\"><style type=\"text\/css\">.fusion-button.button-1 {border-radius:4px;}<\/style><a class=\"fusion-button button-flat button-large button-default button-1 fusion-button-default-span fusion-button-default-type\" target=\"_blank\" rel=\"noopener noreferrer\" href=\"https:\/\/calzavara-holding.it\/en\/\"><span class=\"fusion-button-text\">Envoyez votre candidature et rejoignez notre \u00e9quipe<\/span><\/a><\/div><div class=\"fusion-clearfix\"><\/div><\/div><\/div><\/div><\/div><div class=\"fusion-fullwidth fullwidth-box fusion-builder-row-2 fusion-parallax-fixed hundred-percent-fullwidth non-hundred-percent-height-scrolling\" style=\"background-color: rgba(255,255,255,0);background-image: url(&quot;https:\/\/calzavara.it\/wp-content\/uploads\/2026\/01\/Calzavara_Team_2026.jpg&quot;);background-position: center center;background-repeat: no-repeat;padding-top:0px;padding-right:0px;padding-bottom:0px;padding-left:0px;margin-bottom: 0px;margin-top: 0px;border-width: 0px 0px 0px 0px;border-color:#eae9e9;border-style:solid;-webkit-background-size:cover;-moz-background-size:cover;-o-background-size:cover;background-size:cover;background-attachment:fixed;min-height:600px;\" ><div class=\"fusion-builder-row fusion-row\"><div class=\"fusion-layout-column fusion_builder_column fusion-builder-column-2 fusion_builder_column_1_1 1_1 fusion-one-full fusion-column-first fusion-column-last\" style=\"margin-top:0px;margin-bottom:20px;\"><div class=\"fusion-column-wrapper fusion-flex-column-wrapper-legacy\" style=\"background-position:left top;background-repeat:no-repeat;-webkit-background-size:cover;-moz-background-size:cover;-o-background-size:cover;background-size:cover;padding: 0px 0px 0px 0px;\"><div class=\"fusion-sep-clear\"><\/div><div class=\"fusion-separator fusion-full-width-sep\" style=\"margin-left: auto;margin-right: auto;margin-top:400px;width:100%;\"><\/div><div class=\"fusion-sep-clear\"><\/div><div class=\"fusion-clearfix\"><\/div><\/div><\/div><\/div><\/div><div class=\"fusion-fullwidth fullwidth-box fusion-builder-row-3 gradient-bkg nonhundred-percent-fullwidth non-hundred-percent-height-scrolling fusion-no-small-visibility\" style=\"background-color: rgba(255,255,255,0);background-position: center center;background-repeat: no-repeat;padding-top:0px;padding-right:10%;padding-bottom:0px;padding-left:10%;margin-bottom: 80px;margin-top: 0px;border-width: 0px 0px 0px 0px;border-color:#eae9e9;border-style:solid;\" ><div class=\"fusion-builder-row fusion-row\"><div class=\"fusion-layout-column fusion_builder_column fusion-builder-column-3 fusion_builder_column_1_1 1_1 fusion-one-full fusion-column-first fusion-column-last\" style=\"margin-top:40px;margin-bottom:20px;\"><div class=\"fusion-column-wrapper fusion-flex-column-wrapper-legacy\" style=\"background-position:left top;background-repeat:no-repeat;-webkit-background-size:cover;-moz-background-size:cover;-o-background-size:cover;background-size:cover;padding: 0px 0px 0px 0px;\"><style type=\"text\/css\"><\/style><div class=\"fusion-title title fusion-title-1 fusion-sep-none fusion-title-center fusion-title-text fusion-title-size-three\" style=\"margin-top:0px;margin-bottom:31px;\"><h3 class=\"title-heading-center\" style=\"margin:0;\">Stories of people, environments and sustainability<\/h3><\/div><div class=\"pt-cv-wrapper\"><div class=\"pt-cv-view pt-cv-grid pt-cv-colsys pt-cv-same-height pt-cv-content-hover pt-cv-clickable pt-cv-force-mask pt-cv-overlay-middle\" id=\"pt-cv-view-3893d23p7m\"><div data-id=\"pt-cv-page-1\" class=\"pt-cv-page\" data-cvc=\"4\" data-cvct=\"3\" data-cvcm=\"1\"><div class=\"col-md-3 col-sm-4 col-xs-12 pt-cv-content-item pt-cv-1-col\"  data-pid=\"35722\"><div class='pt-cv-ifield'><div class=\"pt-cv-hover-wrapper\"><a href=\"https:\/\/calzavara.it\/fr\/proceeds-from-calendar-support-wildlife-conservation\/\" class=\"_self pt-cv-href-thumbnail pt-cv-thumb-default cvplbd cvp-lazy-container\" target=\"_self\" ><img width=\"800\" height=\"800\" src=\"https:\/\/calzavara.it\/wp-content\/plugins\/pt-content-views-pro\/public\/assets\/images\/lazy_image.png\" class=\"pt-cv-thumbnail img-none skip-lazy  lazyload  cvplazy\" alt=\"I proventi del Calendario Aziendale a sostegno della fauna selvatica del FVG\" data-cvpsrc=\"https:\/\/calzavara.it\/wp-content\/uploads\/2025\/03\/Boxed_Consegna_Donazione_Calendario_2025-800x800.jpg\" \/><\/a><div class=\"pt-cv-mask\"><div class=\"pt-cv-animation-left pt-cv-meta-fields\"><span class=\"entry-date\"><span class=\"glyphicon glyphicon-calendar\"><\/span> <time datetime=\"2025-03-18T08:00:07+00:00\">18\/03\/2025<\/time><\/span><\/div><h4 class=\"pt-cv-animation-right pt-cv-title\"><a href=\"https:\/\/calzavara.it\/fr\/proceeds-from-calendar-support-wildlife-conservation\/\" class=\"_self cvplbd\" target=\"_self\" >I proventi del Calendario Aziendale a sostegno della fauna selvatica del FVG<\/a><\/h4><div class=\"pt-cv-animation-left pt-cv-content\"><a href=\"https:\/\/calzavara.it\/fr\/proceeds-from-calendar-support-wildlife-conservation\/\" class=\"_self pt-cv-readmore pt-cv-textlink cvplbd\" target=\"_self\">Read the full story...<\/a><\/div><div class=\"pt-cv-animation-right pt-cv-social-buttons\"><a href=\"https:\/\/www.linkedin.com\/shareArticle?mini=true&#038;url=https:\/\/calzavara.it\/fr\/proceeds-from-calendar-support-wildlife-conservation\/&#038;title=I+proventi+del+Calendario+Aziendale+a+sostegno+della+fauna+selvatica+del+FVG&#038;summary=&#038;source=\" class=\"pt-cv-social-linkedin\" target=\"_blank\"><\/a><\/div><\/div><\/div><\/div><\/div>\n<div class=\"col-md-3 col-sm-4 col-xs-12 pt-cv-content-item pt-cv-1-col\"  data-pid=\"35686\"><div class='pt-cv-ifield'><div class=\"pt-cv-hover-wrapper\"><a href=\"https:\/\/calzavara.it\/fr\/bilancio-sostenibilita-seminario-confindustria-udine\/\" class=\"_self pt-cv-href-thumbnail pt-cv-thumb-default cvplbd cvp-lazy-container\" target=\"_self\" ><img width=\"800\" height=\"800\" src=\"https:\/\/calzavara.it\/wp-content\/plugins\/pt-content-views-pro\/public\/assets\/images\/lazy_image.png\" class=\"pt-cv-thumbnail img-none skip-lazy  lazyload  cvplazy\" alt=\"Reporting de durabilit\u00e9 et avenir des entreprises : Calzavara prend la parole au s\u00e9minaire de Confindustria\" data-cvpsrc=\"https:\/\/calzavara.it\/wp-content\/uploads\/2024\/10\/Boxed_Bilancio_Sostenibilita\u0300_Futuro_Impresa_Brusati-800x800.jpg\" \/><\/a><div class=\"pt-cv-mask\"><div class=\"pt-cv-animation-left pt-cv-meta-fields\"><span class=\"entry-date\"><span class=\"glyphicon glyphicon-calendar\"><\/span> <time datetime=\"2024-05-17T08:00:07+00:00\">17\/05\/2024<\/time><\/span><\/div><h4 class=\"pt-cv-animation-right pt-cv-title\"><a href=\"https:\/\/calzavara.it\/fr\/bilancio-sostenibilita-seminario-confindustria-udine\/\" class=\"_self cvplbd\" target=\"_self\" >Reporting de durabilit\u00e9 et avenir des entreprises : Calzavara prend la parole au s\u00e9minaire de Confindustria<\/a><\/h4><div class=\"pt-cv-animation-left pt-cv-content\"><a href=\"https:\/\/calzavara.it\/fr\/bilancio-sostenibilita-seminario-confindustria-udine\/\" class=\"_self pt-cv-readmore pt-cv-textlink cvplbd\" target=\"_self\">Read the full story...<\/a><\/div><div class=\"pt-cv-animation-right pt-cv-social-buttons\"><a href=\"https:\/\/www.linkedin.com\/shareArticle?mini=true&#038;url=https:\/\/calzavara.it\/fr\/bilancio-sostenibilita-seminario-confindustria-udine\/&#038;title=Reporting+de+durabilit%C3%A9+et+avenir+des+entreprises+%3A+Calzavara+prend+la+parole+au+s%C3%A9minaire+de+Confindustria&#038;summary=&#038;source=\" class=\"pt-cv-social-linkedin\" target=\"_blank\"><\/a><\/div><\/div><\/div><\/div><\/div>\n<div class=\"col-md-3 col-sm-4 col-xs-12 pt-cv-content-item pt-cv-1-col\"  data-pid=\"34458\"><div class='pt-cv-ifield'><div class=\"pt-cv-hover-wrapper\"><a href=\"https:\/\/calzavara.it\/fr\/calzavara-premiazione-economia-sviluppo-2023\/\" class=\"_self pt-cv-href-thumbnail pt-cv-thumb-default cvplbd cvp-lazy-container\" target=\"_self\" ><img width=\"800\" height=\"800\" src=\"https:\/\/calzavara.it\/wp-content\/plugins\/pt-content-views-pro\/public\/assets\/images\/lazy_image.png\" class=\"pt-cv-thumbnail img-none skip-lazy  lazyload  cvplazy\" alt=\"Premiazione dell\u2019Economia e dello Sviluppo 2023\" data-cvpsrc=\"https:\/\/calzavara.it\/wp-content\/uploads\/2023\/11\/Box_Premiazione_Ecnomia_Sviluppo_2023-800x800.jpg\" \/><\/a><div class=\"pt-cv-mask\"><div class=\"pt-cv-animation-left pt-cv-meta-fields\"><span class=\"entry-date\"><span class=\"glyphicon glyphicon-calendar\"><\/span> <time datetime=\"2023-11-23T08:00:07+00:00\">23\/11\/2023<\/time><\/span><\/div><h4 class=\"pt-cv-animation-right pt-cv-title\"><a href=\"https:\/\/calzavara.it\/fr\/calzavara-premiazione-economia-sviluppo-2023\/\" class=\"_self cvplbd\" target=\"_self\" >Premiazione dell\u2019Economia e dello Sviluppo 2023<\/a><\/h4><div class=\"pt-cv-animation-left pt-cv-content\"><a href=\"https:\/\/calzavara.it\/fr\/calzavara-premiazione-economia-sviluppo-2023\/\" class=\"_self pt-cv-readmore pt-cv-textlink cvplbd\" target=\"_self\">Read the full story...<\/a><\/div><div class=\"pt-cv-animation-right pt-cv-social-buttons\"><a href=\"https:\/\/www.linkedin.com\/shareArticle?mini=true&#038;url=https:\/\/calzavara.it\/fr\/calzavara-premiazione-economia-sviluppo-2023\/&#038;title=Premiazione+dell%E2%80%99Economia+e+dello+Sviluppo+2023&#038;summary=&#038;source=\" class=\"pt-cv-social-linkedin\" target=\"_blank\"><\/a><\/div><\/div><\/div><\/div><\/div>\n<div class=\"col-md-3 col-sm-4 col-xs-12 pt-cv-content-item pt-cv-1-col\"  data-pid=\"34203\"><div class='pt-cv-ifield'><div class=\"pt-cv-hover-wrapper\"><a href=\"https:\/\/calzavara.it\/fr\/calzavara-sustainability-confindustria-event\/\" class=\"_self pt-cv-href-thumbnail pt-cv-thumb-default cvplbd cvp-lazy-container\" target=\"_self\" ><img width=\"800\" height=\"800\" src=\"https:\/\/calzavara.it\/wp-content\/plugins\/pt-content-views-pro\/public\/assets\/images\/lazy_image.png\" class=\"pt-cv-thumbnail img-none skip-lazy  lazyload  cvplazy\" alt=\"Calzavara raconte son histoire de durabilit\u00e9\" data-cvpsrc=\"https:\/\/calzavara.it\/wp-content\/uploads\/2023\/09\/Ev_Cnf_qb-800x800.jpg\" \/><\/a><div class=\"pt-cv-mask\"><div class=\"pt-cv-animation-left pt-cv-meta-fields\"><span class=\"entry-date\"><span class=\"glyphicon glyphicon-calendar\"><\/span> <time datetime=\"2023-10-12T08:00:07+00:00\">12\/10\/2023<\/time><\/span><\/div><h4 class=\"pt-cv-animation-right pt-cv-title\"><a href=\"https:\/\/calzavara.it\/fr\/calzavara-sustainability-confindustria-event\/\" class=\"_self cvplbd\" target=\"_self\" >Calzavara raconte son histoire de durabilit\u00e9<\/a><\/h4><div class=\"pt-cv-animation-left pt-cv-content\"><a href=\"https:\/\/calzavara.it\/fr\/calzavara-sustainability-confindustria-event\/\" class=\"_self pt-cv-readmore pt-cv-textlink cvplbd\" target=\"_self\">Read the full story...<\/a><\/div><div class=\"pt-cv-animation-right pt-cv-social-buttons\"><a href=\"https:\/\/www.linkedin.com\/shareArticle?mini=true&#038;url=https:\/\/calzavara.it\/fr\/calzavara-sustainability-confindustria-event\/&#038;title=Calzavara+raconte+son+histoire+de+durabilit%C3%A9&#038;summary=&#038;source=\" class=\"pt-cv-social-linkedin\" target=\"_blank\"><\/a><\/div><\/div><\/div><\/div><\/div>\n<div class=\"col-md-3 col-sm-4 col-xs-12 pt-cv-content-item pt-cv-1-col\"  data-pid=\"33363\"><div class='pt-cv-ifield'><div class=\"pt-cv-hover-wrapper\"><a href=\"https:\/\/calzavara.it\/fr\/calzavara-solidarity-support-emilia-romagna\/\" class=\"_self pt-cv-href-thumbnail pt-cv-thumb-default cvplbd cvp-lazy-container\" target=\"_self\" ><img width=\"800\" height=\"800\" src=\"https:\/\/calzavara.it\/wp-content\/plugins\/pt-content-views-pro\/public\/assets\/images\/lazy_image.png\" class=\"pt-cv-thumbnail img-none skip-lazy  lazyload  cvplazy\" alt=\"Solidarit\u00e9 avec les populations d&#039;Emilie-Romagne\" data-cvpsrc=\"https:\/\/calzavara.it\/wp-content\/uploads\/2023\/06\/News-Alluvione-800x800.jpg\" \/><\/a><div class=\"pt-cv-mask\"><div class=\"pt-cv-animation-left pt-cv-meta-fields\"><span class=\"entry-date\"><span class=\"glyphicon glyphicon-calendar\"><\/span> <time datetime=\"2023-06-29T08:00:07+00:00\">29\/06\/2023<\/time><\/span><\/div><h4 class=\"pt-cv-animation-right pt-cv-title\"><a href=\"https:\/\/calzavara.it\/fr\/calzavara-solidarity-support-emilia-romagna\/\" class=\"_self cvplbd\" target=\"_self\" >Solidarit\u00e9 avec les populations d&#8217;Emilie-Romagne<\/a><\/h4><div class=\"pt-cv-animation-left pt-cv-content\"><a href=\"https:\/\/calzavara.it\/fr\/calzavara-solidarity-support-emilia-romagna\/\" class=\"_self pt-cv-readmore pt-cv-textlink cvplbd\" target=\"_self\">Read the full story...<\/a><\/div><div class=\"pt-cv-animation-right pt-cv-social-buttons\"><a href=\"https:\/\/www.linkedin.com\/shareArticle?mini=true&#038;url=https:\/\/calzavara.it\/fr\/calzavara-solidarity-support-emilia-romagna\/&#038;title=Solidarit%C3%A9+avec+les+populations+d%26%238217%3BEmilie-Romagne&#038;summary=&#038;source=\" class=\"pt-cv-social-linkedin\" target=\"_blank\"><\/a><\/div><\/div><\/div><\/div><\/div>\n<div class=\"col-md-3 col-sm-4 col-xs-12 pt-cv-content-item pt-cv-1-col\"  data-pid=\"33033\"><div class='pt-cv-ifield'><div class=\"pt-cv-hover-wrapper\"><a href=\"https:\/\/calzavara.it\/fr\/calzavara-calendar-2023\/\" class=\"_self pt-cv-href-thumbnail pt-cv-thumb-default cvplbd cvp-lazy-container\" target=\"_self\" ><img width=\"800\" height=\"800\" src=\"https:\/\/calzavara.it\/wp-content\/plugins\/pt-content-views-pro\/public\/assets\/images\/lazy_image.png\" class=\"pt-cv-thumbnail img-none skip-lazy  lazyload  cvplazy\" alt=\"Calzavara Calendar 2023\" data-cvpsrc=\"https:\/\/calzavara.it\/wp-content\/uploads\/2022\/10\/thumb-Calzavara-Calendar-2023-800x800.jpg\" \/><\/a><div class=\"pt-cv-mask\"><div class=\"pt-cv-animation-left pt-cv-meta-fields\"><span class=\"entry-date\"><span class=\"glyphicon glyphicon-calendar\"><\/span> <time datetime=\"2022-12-23T08:00:07+00:00\">23\/12\/2022<\/time><\/span><\/div><h4 class=\"pt-cv-animation-right pt-cv-title\"><a href=\"https:\/\/calzavara.it\/fr\/calzavara-calendar-2023\/\" class=\"_self cvplbd\" target=\"_self\" >Calzavara Calendar 2023<\/a><\/h4><div class=\"pt-cv-animation-left pt-cv-content\"><a href=\"https:\/\/calzavara.it\/fr\/calzavara-calendar-2023\/\" class=\"_self pt-cv-readmore pt-cv-textlink cvplbd\" target=\"_self\">Read the full story...<\/a><\/div><div class=\"pt-cv-animation-right pt-cv-social-buttons\"><a href=\"https:\/\/www.linkedin.com\/shareArticle?mini=true&#038;url=https:\/\/calzavara.it\/fr\/calzavara-calendar-2023\/&#038;title=Calzavara+Calendar+2023&#038;summary=&#038;source=\" class=\"pt-cv-social-linkedin\" target=\"_blank\"><\/a><\/div><\/div><\/div><\/div><\/div><\/div><\/div><\/div>\t\t\t<style type=\"text\/css\" id=\"pt-cv-inline-style-814c3carq9\">#pt-cv-view-3893d23p7m .pt-cv-content-item { padding-top: 5px !important; padding-left: 5px !important; padding-bottom: 5px !important; padding-right: 5px !important; }\n#pt-cv-view-3893d23p7m  { margin-left: -5px !important; margin-right: -5px !important; }\n#pt-cv-view-3893d23p7m .pt-cv-title a, #pt-cv-view-3893d23p7m  .panel-title { font-weight: 600 !important; line-height: 1.2em !important; }\n#pt-cv-view-3893d23p7m  .pt-cv-hover-wrapper::before   { background-color: rgba(0,0,0,0.5) !important; }\n#pt-cv-view-3893d23p7m  .pt-cv-content-item:hover .pt-cv-hover-wrapper::before   { background-color: rgba(51,51,51,0.25) !important; }\n#pt-cv-view-3893d23p7m:not(.pt-cv-nohover) .pt-cv-mask *   { color: #fff; }\n#pt-cv-view-3893d23p7m .pt-cv-carousel-caption  { background-color: rgba(51,51,51,.6) !important; }\n#pt-cv-view-3893d23p7m .pt-cv-specialp { background-color: #CC3333 !important }\n#pt-cv-view-3893d23p7m .pt-cv-specialp * { color: #fff !important; }\n#pt-cv-view-3893d23p7m .pt-cv-pficon  { color: #bbb !important; }\n#pt-cv-view-3893d23p7m .pt-cv-readmore:hover  { color: #ffffff !important; }\n#pt-cv-view-3893d23p7m  + .pt-cv-pagination-wrapper .pt-cv-more , #pt-cv-view-3893d23p7m  + .pt-cv-pagination-wrapper .pagination .active a, .pt-cv-pagination[data-sid='3893d23p7m'] .active a { color: #ffffff !important; background-color: #00aeef !important; }\n \r\n                                    .cvp-live-filter[data-sid='3893d23p7m'].cvp-customized input:hover,\r\n                                    .cvp-live-filter[data-sid='3893d23p7m'].cvp-customized input:focus,\r\n                                    .cvp-live-filter[data-sid='3893d23p7m'].cvp-customized select:hover,\r\n                                    .cvp-live-filter[data-sid='3893d23p7m'].cvp-customized select:focus,\r\n                                    .cvp-live-filter[data-sid='3893d23p7m'].cvp-customized input~div:hover,\r\n                                    .cvp-live-filter[data-sid='3893d23p7m'].cvp-customized input~div:focus {border-color: #0075ff; box-shadow: 0 0 0 1px #0075ff !important;}\r\n                                    .cvp-live-filter[data-sid='3893d23p7m'].cvp-customized input[type='checkbox']:checked {background-color: #0075ff;}\r\n                                    .cvp-live-filter[data-sid='3893d23p7m'].cvp-customized input[type='radio']:checked {border-color: #0075ff;}\r\n                                    .cvp-live-filter[data-sid='3893d23p7m'].cvp-customized input[type='radio']:checked::before {border-color: #0075ff; background: #0075ff;}\r\n                                    <\/style>\r\n\t\t\t<div class=\"fusion-clearfix\"><\/div><\/div><\/div><\/div><\/div><\/p>\n","protected":false},"excerpt":{"rendered":"","protected":false},"author":3,"featured_media":0,"parent":0,"menu_order":1,"comment_status":"closed","ping_status":"closed","template":"100-width.php","meta":{"inline_featured_image":false,"footnotes":""},"class_list":["post-36460","page","type-page","status-publish","hentry"],"acf":[],"yoast_head":"<!-- This site is optimized with the Yoast SEO plugin v27.3 - https:\/\/yoast.com\/product\/yoast-seo-wordpress\/ -->\n<title>Carri\u00e8res &#187; Calzavara<\/title>\n<meta name=\"robots\" content=\"noindex, nofollow\" \/>\n<meta name=\"twitter:label1\" content=\"Est. reading time\" \/>\n\t<meta name=\"twitter:data1\" content=\"22 minutes\" \/>\n<script type=\"application\/ld+json\" class=\"yoast-schema-graph\">{\"@context\":\"https:\\\/\\\/schema.org\",\"@graph\":[{\"@type\":\"WebPage\",\"@id\":\"https:\\\/\\\/calzavara.it\\\/fr\\\/carrieres\\\/\",\"url\":\"https:\\\/\\\/calzavara.it\\\/fr\\\/carrieres\\\/\",\"name\":\"Carri\u00e8res &#187; Calzavara\",\"isPartOf\":{\"@id\":\"https:\\\/\\\/calzavara.it\\\/#website\"},\"datePublished\":\"2023-08-28T16:01:54+00:00\",\"dateModified\":\"2026-01-15T09:20:38+00:00\",\"breadcrumb\":{\"@id\":\"https:\\\/\\\/calzavara.it\\\/fr\\\/carrieres\\\/#breadcrumb\"},\"inLanguage\":\"fr-FR\",\"potentialAction\":[{\"@type\":\"ReadAction\",\"target\":[\"https:\\\/\\\/calzavara.it\\\/fr\\\/carrieres\\\/\"]}]},{\"@type\":\"BreadcrumbList\",\"@id\":\"https:\\\/\\\/calzavara.it\\\/fr\\\/carrieres\\\/#breadcrumb\",\"itemListElement\":[{\"@type\":\"ListItem\",\"position\":1,\"name\":\"Home\",\"item\":\"https:\\\/\\\/calzavara.it\\\/fr\\\/\"},{\"@type\":\"ListItem\",\"position\":2,\"name\":\"Carri\u00e8res\"}]},{\"@type\":\"WebSite\",\"@id\":\"https:\\\/\\\/calzavara.it\\\/#website\",\"url\":\"https:\\\/\\\/calzavara.it\\\/\",\"name\":\"Calzavara\",\"description\":\"\",\"publisher\":{\"@id\":\"https:\\\/\\\/calzavara.it\\\/#organization\"},\"potentialAction\":[{\"@type\":\"SearchAction\",\"target\":{\"@type\":\"EntryPoint\",\"urlTemplate\":\"https:\\\/\\\/calzavara.it\\\/?s={search_term_string}\"},\"query-input\":{\"@type\":\"PropertyValueSpecification\",\"valueRequired\":true,\"valueName\":\"search_term_string\"}}],\"inLanguage\":\"fr-FR\"},{\"@type\":\"Organization\",\"@id\":\"https:\\\/\\\/calzavara.it\\\/#organization\",\"name\":\"Calzavara spa\",\"url\":\"https:\\\/\\\/calzavara.it\\\/\",\"logo\":{\"@type\":\"ImageObject\",\"inLanguage\":\"fr-FR\",\"@id\":\"https:\\\/\\\/calzavara.it\\\/#\\\/schema\\\/logo\\\/image\\\/\",\"url\":\"https:\\\/\\\/calzavara.it\\\/wp-content\\\/uploads\\\/2024\\\/05\\\/calzavara-we-are-hiring.jpg\",\"contentUrl\":\"https:\\\/\\\/calzavara.it\\\/wp-content\\\/uploads\\\/2024\\\/05\\\/calzavara-we-are-hiring.jpg\",\"width\":1200,\"height\":630,\"caption\":\"Calzavara spa\"},\"image\":{\"@id\":\"https:\\\/\\\/calzavara.it\\\/#\\\/schema\\\/logo\\\/image\\\/\"}}]}<\/script>\n<!-- \/ Yoast SEO plugin. -->","yoast_head_json":{"title":"Carri\u00e8res &#187; Calzavara","robots":{"index":"noindex","follow":"nofollow"},"twitter_misc":{"Est. reading time":"22 minutes"},"schema":{"@context":"https:\/\/schema.org","@graph":[{"@type":"WebPage","@id":"https:\/\/calzavara.it\/fr\/carrieres\/","url":"https:\/\/calzavara.it\/fr\/carrieres\/","name":"Carri\u00e8res &#187; Calzavara","isPartOf":{"@id":"https:\/\/calzavara.it\/#website"},"datePublished":"2023-08-28T16:01:54+00:00","dateModified":"2026-01-15T09:20:38+00:00","breadcrumb":{"@id":"https:\/\/calzavara.it\/fr\/carrieres\/#breadcrumb"},"inLanguage":"fr-FR","potentialAction":[{"@type":"ReadAction","target":["https:\/\/calzavara.it\/fr\/carrieres\/"]}]},{"@type":"BreadcrumbList","@id":"https:\/\/calzavara.it\/fr\/carrieres\/#breadcrumb","itemListElement":[{"@type":"ListItem","position":1,"name":"Home","item":"https:\/\/calzavara.it\/fr\/"},{"@type":"ListItem","position":2,"name":"Carri\u00e8res"}]},{"@type":"WebSite","@id":"https:\/\/calzavara.it\/#website","url":"https:\/\/calzavara.it\/","name":"Calzavara","description":"","publisher":{"@id":"https:\/\/calzavara.it\/#organization"},"potentialAction":[{"@type":"SearchAction","target":{"@type":"EntryPoint","urlTemplate":"https:\/\/calzavara.it\/?s={search_term_string}"},"query-input":{"@type":"PropertyValueSpecification","valueRequired":true,"valueName":"search_term_string"}}],"inLanguage":"fr-FR"},{"@type":"Organization","@id":"https:\/\/calzavara.it\/#organization","name":"Calzavara spa","url":"https:\/\/calzavara.it\/","logo":{"@type":"ImageObject","inLanguage":"fr-FR","@id":"https:\/\/calzavara.it\/#\/schema\/logo\/image\/","url":"https:\/\/calzavara.it\/wp-content\/uploads\/2024\/05\/calzavara-we-are-hiring.jpg","contentUrl":"https:\/\/calzavara.it\/wp-content\/uploads\/2024\/05\/calzavara-we-are-hiring.jpg","width":1200,"height":630,"caption":"Calzavara spa"},"image":{"@id":"https:\/\/calzavara.it\/#\/schema\/logo\/image\/"}}]}},"_links":{"self":[{"href":"https:\/\/calzavara.it\/fr\/wp-json\/wp\/v2\/pages\/36460","targetHints":{"allow":["GET"]}}],"collection":[{"href":"https:\/\/calzavara.it\/fr\/wp-json\/wp\/v2\/pages"}],"about":[{"href":"https:\/\/calzavara.it\/fr\/wp-json\/wp\/v2\/types\/page"}],"author":[{"embeddable":true,"href":"https:\/\/calzavara.it\/fr\/wp-json\/wp\/v2\/users\/3"}],"replies":[{"embeddable":true,"href":"https:\/\/calzavara.it\/fr\/wp-json\/wp\/v2\/comments?post=36460"}],"version-history":[{"count":0,"href":"https:\/\/calzavara.it\/fr\/wp-json\/wp\/v2\/pages\/36460\/revisions"}],"wp:attachment":[{"href":"https:\/\/calzavara.it\/fr\/wp-json\/wp\/v2\/media?parent=36460"}],"curies":[{"name":"wp","href":"https:\/\/api.w.org\/{rel}","templated":true}]}}