{"id":35845,"date":"2018-07-03T13:49:39","date_gmt":"2018-07-03T13:49:39","guid":{"rendered":"https:\/\/calzavara.it\/?page_id=35845"},"modified":"2026-02-04T17:48:00","modified_gmt":"2026-02-04T17:48:00","slug":"declaration-of-accessibility","status":"publish","type":"page","link":"https:\/\/calzavara.it\/it\/declaration-of-accessibility\/","title":{"rendered":"Dichiarazione di Accessibilit\u00e0"},"content":{"rendered":"<div class=\"fusion-fullwidth fullwidth-box fusion-builder-row-1 nonhundred-percent-fullwidth non-hundred-percent-height-scrolling\" style=\"background-color: rgba(255,255,255,0);background-position: center center;background-repeat: no-repeat;padding-top:0px;padding-right:0px;padding-bottom:0px;padding-left:0px;margin-bottom: 0px;margin-top: 30px;border-width: 0px 0px 0px 0px;border-color:#eae9e9;border-style:solid;\" ><div class=\"fusion-builder-row fusion-row\"><div class=\"fusion-layout-column fusion_builder_column fusion-builder-column-0 fusion_builder_column_1_1 1_1 fusion-one-full fusion-column-first fusion-column-last\" style=\"margin-top:0px;margin-bottom:0px;\"><div class=\"fusion-column-wrapper fusion-flex-column-wrapper-legacy\" style=\"background-position:left top;background-repeat:no-repeat;-webkit-background-size:cover;-moz-background-size:cover;-o-background-size:cover;background-size:cover;padding: 0px 0px 0px 0px;\"><div class=\"fusion-text fusion-text-1\" style=\"transform:translate3d(0,0,0);\"><p><em>Basiliano, 01 Gennaio 2026<\/em><\/p>\n<h4>Dichiarazione di accessibilit\u00e0 per il sito web https:\/\/calzavara.it\/<\/h4>\n<p data-start=\"58\" data-end=\"301\">Calzavara si impegna a mantenere il proprio sito web costantemente aggiornato e conforme alle pi\u00f9 recenti prescrizioni in materia di accessibilit\u00e0, in conformit\u00e0 alla Legge 9 gennaio 2004, n. 4, e alla Direttiva (UE) 2019\/882 (European Accessibility Act).<\/p>\n<ul>\n<li data-start=\"348\" data-end=\"507\">Il sito web soddisfa i requisiti previsti dall\u2019Appendice A della norma UNI CEI EN 301549 ed \u00e8 compatibile con le tecnologie assistive.<\/li>\n<li data-start=\"348\" data-end=\"507\">Il sito web \u00e8 inoltre conforme alle Web Content Accessibility Guidelines (WCAG) 2.1, livello AA, e agli standard previsti dal Title III dell\u2019Americans with Disabilities Act (ADA).<\/li>\n<li data-start=\"348\" data-end=\"507\"><strong>Stato di conformit\u00e0: conforme<\/strong>.<\/li>\n<\/ul>\n<p>Scarica la dichiarazione di accessibilit\u00e0 ufficiale: <strong><a href=\"https:\/\/calzavara.it\/wp-content\/uploads\/2026\/02\/Calzavara_accessibility_statement_IT_rev2a.pdf\">accessibility_statement.pdf<\/a><br \/>\n<\/strong>Scarica il certificato di accessibilit\u00e0 rilasciato da terza parte: <a href=\"https:\/\/calzavara.it\/wp-content\/uploads\/2025\/12\/Calzavara_third-party_certificate.pdf\"><strong>third-party_certificate.pdf<\/strong><\/a><\/p>\n<\/div><div class=\"fusion-clearfix\"><\/div><\/div><\/div><\/div><\/div>\n","protected":false},"excerpt":{"rendered":"","protected":false},"author":3,"featured_media":0,"parent":0,"menu_order":141,"comment_status":"closed","ping_status":"open","template":"","meta":{"inline_featured_image":false,"footnotes":""},"class_list":["post-35845","page","type-page","status-publish","hentry"],"acf":[],"yoast_head":"<!-- This site is optimized with the Yoast SEO plugin v27.3 - https:\/\/yoast.com\/product\/yoast-seo-wordpress\/ -->\n<title>Dichiarazione di Accessibilit\u00e0 &#187; Calzavara<\/title>\n<meta name=\"robots\" content=\"index, follow, max-snippet:-1, max-image-preview:large, max-video-preview:-1\" \/>\n<link rel=\"canonical\" href=\"https:\/\/calzavara.it\/it\/declaration-of-accessibility\/\" \/>\n<meta name=\"twitter:label1\" content=\"Est. reading time\" \/>\n\t<meta name=\"twitter:data1\" content=\"3 minutes\" \/>\n<script type=\"application\/ld+json\" class=\"yoast-schema-graph\">{\"@context\":\"https:\\\/\\\/schema.org\",\"@graph\":[{\"@type\":\"WebPage\",\"@id\":\"https:\\\/\\\/calzavara.it\\\/it\\\/declaration-of-accessibility\\\/\",\"url\":\"https:\\\/\\\/calzavara.it\\\/it\\\/declaration-of-accessibility\\\/\",\"name\":\"Dichiarazione di Accessibilit\u00e0 &#187; Calzavara\",\"isPartOf\":{\"@id\":\"https:\\\/\\\/calzavara.it\\\/#website\"},\"datePublished\":\"2018-07-03T13:49:39+00:00\",\"dateModified\":\"2026-02-04T17:48:00+00:00\",\"breadcrumb\":{\"@id\":\"https:\\\/\\\/calzavara.it\\\/it\\\/declaration-of-accessibility\\\/#breadcrumb\"},\"inLanguage\":\"it-IT\",\"potentialAction\":[{\"@type\":\"ReadAction\",\"target\":[\"https:\\\/\\\/calzavara.it\\\/it\\\/declaration-of-accessibility\\\/\"]}]},{\"@type\":\"BreadcrumbList\",\"@id\":\"https:\\\/\\\/calzavara.it\\\/it\\\/declaration-of-accessibility\\\/#breadcrumb\",\"itemListElement\":[{\"@type\":\"ListItem\",\"position\":1,\"name\":\"Home\",\"item\":\"https:\\\/\\\/calzavara.it\\\/it\\\/\"},{\"@type\":\"ListItem\",\"position\":2,\"name\":\"Dichiarazione di Accessibilit\u00e0\"}]},{\"@type\":\"WebSite\",\"@id\":\"https:\\\/\\\/calzavara.it\\\/#website\",\"url\":\"https:\\\/\\\/calzavara.it\\\/\",\"name\":\"Calzavara\",\"description\":\"\",\"publisher\":{\"@id\":\"https:\\\/\\\/calzavara.it\\\/#organization\"},\"potentialAction\":[{\"@type\":\"SearchAction\",\"target\":{\"@type\":\"EntryPoint\",\"urlTemplate\":\"https:\\\/\\\/calzavara.it\\\/?s={search_term_string}\"},\"query-input\":{\"@type\":\"PropertyValueSpecification\",\"valueRequired\":true,\"valueName\":\"search_term_string\"}}],\"inLanguage\":\"it-IT\"},{\"@type\":\"Organization\",\"@id\":\"https:\\\/\\\/calzavara.it\\\/#organization\",\"name\":\"Calzavara spa\",\"url\":\"https:\\\/\\\/calzavara.it\\\/\",\"logo\":{\"@type\":\"ImageObject\",\"inLanguage\":\"it-IT\",\"@id\":\"https:\\\/\\\/calzavara.it\\\/#\\\/schema\\\/logo\\\/image\\\/\",\"url\":\"https:\\\/\\\/calzavara.it\\\/wp-content\\\/uploads\\\/2024\\\/05\\\/calzavara-we-are-hiring.jpg\",\"contentUrl\":\"https:\\\/\\\/calzavara.it\\\/wp-content\\\/uploads\\\/2024\\\/05\\\/calzavara-we-are-hiring.jpg\",\"width\":1200,\"height\":630,\"caption\":\"Calzavara spa\"},\"image\":{\"@id\":\"https:\\\/\\\/calzavara.it\\\/#\\\/schema\\\/logo\\\/image\\\/\"}}]}<\/script>\n<!-- \/ Yoast SEO plugin. -->","yoast_head_json":{"title":"Dichiarazione di Accessibilit\u00e0 &#187; Calzavara","robots":{"index":"index","follow":"follow","max-snippet":"max-snippet:-1","max-image-preview":"max-image-preview:large","max-video-preview":"max-video-preview:-1"},"canonical":"https:\/\/calzavara.it\/it\/declaration-of-accessibility\/","twitter_misc":{"Est. reading time":"3 minutes"},"schema":{"@context":"https:\/\/schema.org","@graph":[{"@type":"WebPage","@id":"https:\/\/calzavara.it\/it\/declaration-of-accessibility\/","url":"https:\/\/calzavara.it\/it\/declaration-of-accessibility\/","name":"Dichiarazione di Accessibilit\u00e0 &#187; Calzavara","isPartOf":{"@id":"https:\/\/calzavara.it\/#website"},"datePublished":"2018-07-03T13:49:39+00:00","dateModified":"2026-02-04T17:48:00+00:00","breadcrumb":{"@id":"https:\/\/calzavara.it\/it\/declaration-of-accessibility\/#breadcrumb"},"inLanguage":"it-IT","potentialAction":[{"@type":"ReadAction","target":["https:\/\/calzavara.it\/it\/declaration-of-accessibility\/"]}]},{"@type":"BreadcrumbList","@id":"https:\/\/calzavara.it\/it\/declaration-of-accessibility\/#breadcrumb","itemListElement":[{"@type":"ListItem","position":1,"name":"Home","item":"https:\/\/calzavara.it\/it\/"},{"@type":"ListItem","position":2,"name":"Dichiarazione di Accessibilit\u00e0"}]},{"@type":"WebSite","@id":"https:\/\/calzavara.it\/#website","url":"https:\/\/calzavara.it\/","name":"Calzavara","description":"","publisher":{"@id":"https:\/\/calzavara.it\/#organization"},"potentialAction":[{"@type":"SearchAction","target":{"@type":"EntryPoint","urlTemplate":"https:\/\/calzavara.it\/?s={search_term_string}"},"query-input":{"@type":"PropertyValueSpecification","valueRequired":true,"valueName":"search_term_string"}}],"inLanguage":"it-IT"},{"@type":"Organization","@id":"https:\/\/calzavara.it\/#organization","name":"Calzavara spa","url":"https:\/\/calzavara.it\/","logo":{"@type":"ImageObject","inLanguage":"it-IT","@id":"https:\/\/calzavara.it\/#\/schema\/logo\/image\/","url":"https:\/\/calzavara.it\/wp-content\/uploads\/2024\/05\/calzavara-we-are-hiring.jpg","contentUrl":"https:\/\/calzavara.it\/wp-content\/uploads\/2024\/05\/calzavara-we-are-hiring.jpg","width":1200,"height":630,"caption":"Calzavara spa"},"image":{"@id":"https:\/\/calzavara.it\/#\/schema\/logo\/image\/"}}]}},"_links":{"self":[{"href":"https:\/\/calzavara.it\/it\/wp-json\/wp\/v2\/pages\/35845","targetHints":{"allow":["GET"]}}],"collection":[{"href":"https:\/\/calzavara.it\/it\/wp-json\/wp\/v2\/pages"}],"about":[{"href":"https:\/\/calzavara.it\/it\/wp-json\/wp\/v2\/types\/page"}],"author":[{"embeddable":true,"href":"https:\/\/calzavara.it\/it\/wp-json\/wp\/v2\/users\/3"}],"replies":[{"embeddable":true,"href":"https:\/\/calzavara.it\/it\/wp-json\/wp\/v2\/comments?post=35845"}],"version-history":[{"count":0,"href":"https:\/\/calzavara.it\/it\/wp-json\/wp\/v2\/pages\/35845\/revisions"}],"wp:attachment":[{"href":"https:\/\/calzavara.it\/it\/wp-json\/wp\/v2\/media?parent=35845"}],"curies":[{"name":"wp","href":"https:\/\/api.w.org\/{rel}","templated":true}]}}